{"id":3726,"date":"2015-09-13T13:39:00","date_gmt":"2015-09-13T11:39:00","guid":{"rendered":"http:\/\/www.asitanerestaurant.com\/English\/?page_id=3726"},"modified":"2019-10-15T10:36:21","modified_gmt":"2019-10-15T08:36:21","slug":"a-la-carte-menu","status":"publish","type":"page","link":"https:\/\/www.asitanerestaurant.com\/English\/a-la-carte-menu\/","title":{"rendered":"Ottoman Cuisine"},"content":{"rendered":"\r\n<p style=\"text-align: left;\">\u00a0<\/p>\r\n\r\n<h1 style=\"text-align: center;\">Ottoman Heritage<br \/>Delicacies from the Palace<br \/>Autumn 2019<\/h1>\r\n<p style=\"text-align: center;\">Ottoman cuisine is a buried treasure, the heritage of a great empire which lasted for 700 years&#8230; A synthesis of Central Asian, Anatolian, Middle Eastern and Balkan flavors. Unfortunately, very few recipes from this rich cuisine have survived due to a tradition which demanded that cooks\u2019 guilds keep their recipes and cooking techniques secret. Here at Asitane, we have made it our mission to reintroduce the authentic Ottoman cooking to the world. Since 1991, dedicated staff has hunted down lost tastes with academic zeal. In order to try and recreate authentic Ottoman Cuisine, we have consulted a variety of sources, including the budget ledgers of the three main palace kitchens &#8211; Topkap\u0131 and Edirne &#8211; and the memoirs of foreign diplomats and visitors. It is with great pleasure that we offer you long-forgotten dishes which we have revived based on documents that lay in palace archives for 500 years. The dishes in the menu are prepared from these historic resources using original ingredients and cooking methods. At Asitane, we strive to provide our guests with an authentic palate experience that does justice to the splendors of the Imperial kitchens. We are delighted to welcome you to our restaurant, where our welcoming and experienced staff will treat you to an unforgettable feast.<br \/>Enjoy your meal!<\/p>\r\n<p style=\"text-align: center;\"><span style=\"color: #763f98;\"><strong><span style=\"color: #763f98;\">Soups<\/span><\/strong><\/span><\/p>\r\n<p style=\"text-align: center;\"><span style=\"color: #763f98;\"><strong><a href=\"https:\/\/www.asitanerestaurant.com\/English\/galleries\/dishes\/\" target=\"_blank\" rel=\"noopener noreferrer\"><img loading=\"lazy\" class=\"aligncenter wp-image-3522 size-thumbnail\" src=\"https:\/\/www.asitanerestaurant.com\/English\/wp-content\/uploads\/2015\/08\/K\u0131rma-Bademli-Terbiyeli-tavuk-\u00c7orbas\u0131-150x150.jpg\" alt=\"Almond Soup (1539)\" width=\"150\" height=\"150\" srcset=\"https:\/\/www.asitanerestaurant.com\/English\/wp-content\/uploads\/2015\/08\/K\u0131rma-Bademli-Terbiyeli-tavuk-\u00c7orbas\u0131-150x150.jpg 150w, https:\/\/www.asitanerestaurant.com\/English\/wp-content\/uploads\/2015\/08\/K\u0131rma-Bademli-Terbiyeli-tavuk-\u00c7orbas\u0131-456x456.jpg 456w, https:\/\/www.asitanerestaurant.com\/English\/wp-content\/uploads\/2015\/08\/K\u0131rma-Bademli-Terbiyeli-tavuk-\u00c7orbas\u0131-109x109.jpg 109w, https:\/\/www.asitanerestaurant.com\/English\/wp-content\/uploads\/2015\/08\/K\u0131rma-Bademli-Terbiyeli-tavuk-\u00c7orbas\u0131-100x100.jpg 100w\" sizes=\"(max-width: 150px) 100vw, 150px\" \/><\/a><\/strong><\/span><strong>1. Almond Soup (1539)<\/strong><br \/>Light almond broth f lavoured with grated nutmeg and pomegranate seeds<\/p>\r\n<p style=\"text-align: center;\"><strong>2. Kestaneli Terine \u00c7orbas\u0131 (1469)<\/strong><br \/>Kurutulmu\u015f yo\u011furt, nane ve kestaneli k\u0131\u015f \u00e7orbas\u0131<\/p>\r\n<p style=\"text-align: center;\"><strong><span style=\"color: #763f98;\">Cold Appetizers<\/span><\/strong><\/p>\r\n<p style=\"text-align: center;\"><strong>3. Asitane Treats<\/strong><br \/><strong>Ottoman Hums (1469)<\/strong><br \/>Crushed chickpeas lightly pureed with currants, pine nuts and cinnamon<br \/><br \/><strong>\u201cLor\u201d Cheese Blend (1898)<\/strong><br \/>Fresh cottage cheese mixed with scallions, parsley, green peppers, tomatoes and seasoned with rosemary and paprika<br \/><br \/><strong>Fava<\/strong><br \/>Creamed broad beans, seasoned with dill and served with a drizzle of olive oil<\/p>\r\n<p style=\"text-align: center;\"><strong>Pounded Cucumber \u201cTarator\u201d (1844)<\/strong><br \/>With onions and pictachios<\/p>\r\n<p style=\"text-align: center;\"><img loading=\"lazy\" class=\"aligncenter wp-image-3406 size-thumbnail\" src=\"https:\/\/www.asitanerestaurant.com\/English\/wp-content\/uploads\/2014\/07\/Stuffed-Calamaris-150x150.jpg\" alt=\"\" width=\"150\" height=\"150\" srcset=\"https:\/\/www.asitanerestaurant.com\/English\/wp-content\/uploads\/2014\/07\/Stuffed-Calamaris-150x150.jpg 150w, https:\/\/www.asitanerestaurant.com\/English\/wp-content\/uploads\/2014\/07\/Stuffed-Calamaris-456x456.jpg 456w, https:\/\/www.asitanerestaurant.com\/English\/wp-content\/uploads\/2014\/07\/Stuffed-Calamaris-109x109.jpg 109w, https:\/\/www.asitanerestaurant.com\/English\/wp-content\/uploads\/2014\/07\/Stuffed-Calamaris-100x100.jpg 100w\" sizes=\"(max-width: 150px) 100vw, 150px\" \/><strong>4. Stuffed Calamari with Shrimps<br \/><\/strong>Oven baked whole calamari, stuffed with a blend of rice, pine nuts and currants flavored with cinnamon and fresh mint<\/p>\r\n<p style=\"text-align: center;\"><strong>5. Stuffed Vine Leaves with Sour Cherries (1844)<\/strong><br \/>Grape leaves stuffed with blend of sour cherries, rice, onions, pine nuts. Cooked lightly in olive oil and seasoned with black pepper and cinnamon<\/p>\r\n<p style=\"text-align: center;\"><strong>6. Asitane Bowls<\/strong><br \/><strong>Mastave (XV. c)<\/strong><br \/>Boiled chard leaves in garlic yoghurt<br \/><br \/><strong>&#8220;Kerefes&#8221; (XV. c)<\/strong><br \/>Celery roots cooked in olive oil with black carrots, shallots and chickpeas<br \/><br \/><strong>Vartabit<\/strong><br \/>Local beans with tahini; flavoured with garlic, vinegar and sumach<\/p>\r\n<p style=\"text-align: center;\"><strong><span style=\"color: #763f98;\">Salads<\/span><\/strong><\/p>\r\n<p style=\"text-align: center;\"><strong>7. Cauliflower Salad with Tahini (1898)<\/strong><br \/>Blanched cauliflower salad with mustard-seed-and-tahini dressing<\/p>\r\n<p style=\"text-align: center;\"><strong>8. Fragrant Green Salad<\/strong><br \/>Green salad with fragrant herbs, served with \u201cdilber\u201d dressing<\/p>\r\n<p style=\"text-align: center;\"><span style=\"color: #763f98;\"><strong>Warm Appetizers<\/strong><\/span><\/p>\r\n<p style=\"text-align: center;\"><strong>9. Grilled \u201cCircassian\u201d Cheese with Oyster Mushrooms<br \/><br \/>10. Liver \u201cK\u00f6fte\u201d (1695)<br \/><\/strong>Fried liver rissoles flavoured with cinnamon and cloves served with red onions sauteed in pomegranate molasses<\/p>\r\n<p style=\"text-align: center;\"><strong>11. \u2018\u2019Hassa Bourek\u2019\u2019<\/strong><br \/>Traditional Turkish \u2018\u2019yufka\u2019\u2019 pastry layered and rolled with \u2018\u2019tulum\u2019\u2019 cheese and a blend of green olives, walnuts, yoghurt, spring onions and tarragon<\/p>\r\n<p style=\"text-align: center;\"><strong>12. \u201cPiruhi\u201d (1844)<br \/><\/strong>Home made pasta parcels, folded with spinach, onions, and crumbly \u2018tulum\u2019 cheese filling<\/p>\r\n<p style=\"text-align: center;\"><strong>13. &#8220;Tatar&#8221; Pastry (1898)<br \/><\/strong>Fried phyllo pastry with meat and onions f illing, served on a bed of strained yoghurt<\/p>\r\n<p style=\"text-align: center;\"><strong>14. Dane-i Sar\u0131 (1539)<\/strong><br \/>Saffron rice pilaf with chickpeas<\/p>\r\n<p style=\"text-align: center;\"><strong>15. &#8220;Bazar Bourek&#8221; (1539)<br \/><\/strong>Fried dough parcels stuffed with diced pumpkins, spring onions, stick cheese, local &#8220;Manyas&#8221; cheese and feta cheese.<\/p>\r\n<p style=\"text-align: center;\"><strong>16. Stuffed Spleen (1924)<br \/><\/strong>Lamb spleen stuffed with dill, pine nuts, spring onions and rice; braised and deep fried<\/p>\r\n<p style=\"text-align: center;\"><strong><span style=\"color: #763f98;\">Main Courses<\/span><\/strong><\/p>\r\n<p style=\"text-align: center;\"><strong>17. Lamb \u201cK\u00fclbast\u0131\u201d (1844)<\/strong><br \/>Grilled lamb fillets seasoned with tarragon, bay leaves, and black pepper<\/p>\r\n<p style=\"text-align: center;\"><strong>18. \u201cMahmudiyye\u201d (1539)<br \/><\/strong>Cinnamon and clove flavoured chicken stew cooked with apricots, Rezaki raisins and almonds<\/p>\r\n<p style=\"text-align: center;\"><strong>19. Braised Lamb with Chestnuts (1882)<br \/><\/strong>Lamb cubes braised with chestnuts and shallots<\/p>\r\n<p style=\"text-align: center;\"><strong>20. \u201cMutanjene\u201d (1539)<br \/><\/strong>Lamb stew cooked with apricots, Rezaki raisins, almonds, and dried figs<\/p>\r\n<p><img loading=\"lazy\" class=\"wp-image-6593 size-thumbnail aligncenter\" src=\"https:\/\/www.asitanerestaurant.com\/English\/wp-content\/uploads\/2019\/04\/stuffed-melon-istanbul-asitane-150x150.jpg\" alt=\"Stuffed Melon Istanbul Asitane\" width=\"150\" height=\"150\" srcset=\"https:\/\/www.asitanerestaurant.com\/English\/wp-content\/uploads\/2019\/04\/stuffed-melon-istanbul-asitane-150x150.jpg 150w, https:\/\/www.asitanerestaurant.com\/English\/wp-content\/uploads\/2019\/04\/stuffed-melon-istanbul-asitane-456x456.jpg 456w, https:\/\/www.asitanerestaurant.com\/English\/wp-content\/uploads\/2019\/04\/stuffed-melon-istanbul-asitane-109x109.jpg 109w, https:\/\/www.asitanerestaurant.com\/English\/wp-content\/uploads\/2019\/04\/stuffed-melon-istanbul-asitane-100x100.jpg 100w\" sizes=\"(max-width: 150px) 100vw, 150px\" \/><\/p>\r\n<p style=\"text-align: center;\"><strong>21. Stuffed Melon (1539)<br \/><\/strong>Cored melon stuffed with blend of minced meat, rice, herbs, almonds, currants; and baked in the oven<\/p>\r\n<p style=\"text-align: center;\"><strong>22. \u201cK\u0131rma\u201d Chicken Kebab (1764)<br \/><\/strong>Grilled chicken fillets served on vinegar sauteed onions and served with pickled red cabbage and sauteed chard leaves<\/p>\r\n<p style=\"text-align: center;\"><strong>23. Sea Bass \u201cBiryan\u201d (XV. c.) <br \/><\/strong>Roasted whole sea bass stuffed with walnuts and spices, served with a saffron and rose water dressing<\/p>\r\n<p style=\"text-align: center;\"><strong>24. \u201cTuffahiye\u201d Stuffed Apple (XV c.) (Vegetarian) <br \/><\/strong>Baked apple stuffed with a blend of cracked wheat, celery and onions. Served with shallots cooked in gingery apple sauce<\/p>\r\n<p style=\"text-align: center;\"><strong>25. Borani-i Hassa (XV. c.) (Vegetarian)<\/strong><br \/>Spinach cooked with onions, eggs and rice, dressed with garlic yogurt<\/p>\r\n<p style=\"text-align: center;\"><strong><span style=\"color: #763f98;\">Desserts<\/span><\/strong><\/p>\r\n<p style=\"text-align: center;\"><strong>26. Halva Platter from The Palace<\/strong><br \/><strong>Honey Halva (XV. c.)<\/strong><br \/>Roasted flour halva with honey, \u201cAntep\u201d pistachios and poppy seeds<\/p>\r\n<p style=\"text-align: center;\"><strong>Levzine (1539)<\/strong><br \/>Almond halva<br \/><br \/><strong>Helva &#8211; i Hakani<\/strong><br \/>Starch Halva<\/p>\r\n<p style=\"text-align: center;\"><img loading=\"lazy\" class=\"aligncenter wp-image-3510 size-thumbnail\" src=\"https:\/\/www.asitanerestaurant.com\/English\/wp-content\/uploads\/2015\/08\/Helatiye-150x150.jpg\" alt=\"\" width=\"150\" height=\"150\" srcset=\"https:\/\/www.asitanerestaurant.com\/English\/wp-content\/uploads\/2015\/08\/Helatiye-150x150.jpg 150w, https:\/\/www.asitanerestaurant.com\/English\/wp-content\/uploads\/2015\/08\/Helatiye-456x456.jpg 456w, https:\/\/www.asitanerestaurant.com\/English\/wp-content\/uploads\/2015\/08\/Helatiye-109x109.jpg 109w, https:\/\/www.asitanerestaurant.com\/English\/wp-content\/uploads\/2015\/08\/Helatiye-100x100.jpg 100w\" sizes=\"(max-width: 150px) 100vw, 150px\" \/><\/p>\r\n<p style=\"text-align: center;\"><strong>27. \u201cHelatiye\u201d<br \/><\/strong>Milk pudding infused with gum mastic; served with almonds, pistachios, and seasonal fruit in a light rose water syrup<\/p>\r\n<p style=\"text-align: center;\"><strong>28. Peach &#8220;Ka&#8217;a&#8221;<br \/><\/strong>Cinnamon flavoured walnut pastry topped with baked peach slices and ice cream<\/p>\r\n<p style=\"text-align: center;\"><strong>29. Puddings Platter from The Palace<br \/><br \/>\u201cS\u00fcdl\u00fc Zerde\u2019\u2019 (1539)<br \/><\/strong>Milk pudding flavoured with saffron and honey<br \/><strong><br \/>Meyva Paluzeli Muhallebi<br \/><\/strong>Milk pudding topped with Fruit Jelly<strong><br \/><\/strong><\/p>\r\n<p style=\"text-align: center;\"><strong>30. Bread Dessert with Sour Cherries (1844)<br \/><\/strong>Served with ice cream<\/p>\r\n<p style=\"text-align: center;\"><strong><br \/><a href=\"https:\/\/www.asitanerestaurant.com\/English\/wp-content\/uploads\/2019\/10\/Asitane-Restaurant-Autumn-2019-A4-09102019.pdf\" target=\"_blank\" rel=\"noopener noreferrer\"><span style=\"color: #763f98;\"><span style=\"color: #000000;\">A<\/span><span style=\"color: #000000;\">sitane Restaurant Autumn 2019 PDF\u00a0<\/span><\/span><\/a><\/strong><\/p>","protected":false},"excerpt":{"rendered":"<p>\u00a0 Ottoman HeritageDelicacies from the PalaceAutumn 2019 Ottoman cuisine is a buried treasure, the heritage [&hellip;]<\/p>\n","protected":false},"author":1,"featured_media":3846,"parent":0,"menu_order":0,"comment_status":"closed","ping_status":"closed","template":"","meta":{"_mi_skip_tracking":false,"_exactmetrics_sitenote_active":false,"_exactmetrics_sitenote_note":"","_exactmetrics_sitenote_category":0,"spay_email":""},"yoast_head":"<!-- This site is optimized with the Yoast SEO plugin v18.1 - https:\/\/yoast.com\/wordpress\/plugins\/seo\/ -->\n<meta name=\"robots\" content=\"index, follow, max-snippet:-1, max-image-preview:large, max-video-preview:-1\" \/>\n<link rel=\"canonical\" href=\"https:\/\/www.asitanerestaurant.com\/English\/a-la-carte-menu\/\" \/>\n<meta property=\"og:locale\" content=\"en_US\" \/>\n<meta property=\"og:type\" content=\"article\" \/>\n<meta property=\"og:title\" content=\"Ottoman Cuisine - Asitane Restaurant\" \/>\n<meta property=\"og:description\" content=\"\u00a0 Ottoman HeritageDelicacies from the PalaceAutumn 2019 Ottoman cuisine is a buried treasure, the heritage [&hellip;]\" \/>\n<meta property=\"og:url\" content=\"https:\/\/www.asitanerestaurant.com\/English\/a-la-carte-menu\/\" \/>\n<meta property=\"og:site_name\" content=\"Asitane Restaurant\" \/>\n<meta property=\"article:modified_time\" content=\"2019-10-15T08:36:21+00:00\" \/>\n<meta property=\"og:image\" content=\"https:\/\/www.asitanerestaurant.com\/English\/wp-content\/uploads\/2015\/09\/Untitled-2.png\" \/>\n\t<meta property=\"og:image:width\" content=\"1920\" \/>\n\t<meta property=\"og:image:height\" content=\"1200\" \/>\n\t<meta property=\"og:image:type\" content=\"image\/png\" \/>\n<meta name=\"twitter:card\" content=\"summary\" \/>\n<meta name=\"twitter:label1\" content=\"Est. reading time\" \/>\n\t<meta name=\"twitter:data1\" content=\"4 minutes\" \/>\n<script type=\"application\/ld+json\" class=\"yoast-schema-graph\">{\"@context\":\"https:\/\/schema.org\",\"@graph\":[{\"@type\":\"Organization\",\"@id\":\"https:\/\/www.asitanerestaurant.com\/English\/#organization\",\"name\":\"Asitane Restaurant Ottoman Palace Cuisine\",\"url\":\"https:\/\/www.asitanerestaurant.com\/English\/\",\"sameAs\":[],\"logo\":{\"@type\":\"ImageObject\",\"@id\":\"https:\/\/www.asitanerestaurant.com\/English\/#logo\",\"inLanguage\":\"en-US\",\"url\":\"https:\/\/www.asitanerestaurant.com\/English\/wp-content\/uploads\/2015\/07\/asitane-restaurant-logo-fine-ottoman-cuisine.png\",\"contentUrl\":\"https:\/\/www.asitanerestaurant.com\/English\/wp-content\/uploads\/2015\/07\/asitane-restaurant-logo-fine-ottoman-cuisine.png\",\"width\":426,\"height\":123,\"caption\":\"Asitane Restaurant Ottoman Palace Cuisine\"},\"image\":{\"@id\":\"https:\/\/www.asitanerestaurant.com\/English\/#logo\"}},{\"@type\":\"WebSite\",\"@id\":\"https:\/\/www.asitanerestaurant.com\/English\/#website\",\"url\":\"https:\/\/www.asitanerestaurant.com\/English\/\",\"name\":\"Asitane Restaurant\",\"description\":\"Ottoman Palace Cuisine\",\"publisher\":{\"@id\":\"https:\/\/www.asitanerestaurant.com\/English\/#organization\"},\"potentialAction\":[{\"@type\":\"SearchAction\",\"target\":{\"@type\":\"EntryPoint\",\"urlTemplate\":\"https:\/\/www.asitanerestaurant.com\/English\/?s={search_term_string}\"},\"query-input\":\"required name=search_term_string\"}],\"inLanguage\":\"en-US\"},{\"@type\":\"ImageObject\",\"@id\":\"https:\/\/www.asitanerestaurant.com\/English\/a-la-carte-menu\/#primaryimage\",\"inLanguage\":\"en-US\",\"url\":\"https:\/\/www.asitanerestaurant.com\/English\/wp-content\/uploads\/2015\/09\/Untitled-2.png\",\"contentUrl\":\"https:\/\/www.asitanerestaurant.com\/English\/wp-content\/uploads\/2015\/09\/Untitled-2.png\",\"width\":1920,\"height\":1200},{\"@type\":\"WebPage\",\"@id\":\"https:\/\/www.asitanerestaurant.com\/English\/a-la-carte-menu\/#webpage\",\"url\":\"https:\/\/www.asitanerestaurant.com\/English\/a-la-carte-menu\/\",\"name\":\"Ottoman Cuisine - Asitane Restaurant\",\"isPartOf\":{\"@id\":\"https:\/\/www.asitanerestaurant.com\/English\/#website\"},\"primaryImageOfPage\":{\"@id\":\"https:\/\/www.asitanerestaurant.com\/English\/a-la-carte-menu\/#primaryimage\"},\"datePublished\":\"2015-09-13T11:39:00+00:00\",\"dateModified\":\"2019-10-15T08:36:21+00:00\",\"breadcrumb\":{\"@id\":\"https:\/\/www.asitanerestaurant.com\/English\/a-la-carte-menu\/#breadcrumb\"},\"inLanguage\":\"en-US\",\"potentialAction\":[{\"@type\":\"ReadAction\",\"target\":[\"https:\/\/www.asitanerestaurant.com\/English\/a-la-carte-menu\/\"]}]},{\"@type\":\"BreadcrumbList\",\"@id\":\"https:\/\/www.asitanerestaurant.com\/English\/a-la-carte-menu\/#breadcrumb\",\"itemListElement\":[{\"@type\":\"ListItem\",\"position\":1,\"name\":\"Home\",\"item\":\"https:\/\/www.asitanerestaurant.com\/English\/\"},{\"@type\":\"ListItem\",\"position\":2,\"name\":\"Ottoman Cuisine\"}]}]}<\/script>\n<!-- \/ Yoast SEO plugin. -->","yoast_head_json":{"robots":{"index":"index","follow":"follow","max-snippet":"max-snippet:-1","max-image-preview":"max-image-preview:large","max-video-preview":"max-video-preview:-1"},"canonical":"https:\/\/www.asitanerestaurant.com\/English\/a-la-carte-menu\/","og_locale":"en_US","og_type":"article","og_title":"Ottoman Cuisine - Asitane Restaurant","og_description":"\u00a0 Ottoman HeritageDelicacies from the PalaceAutumn 2019 Ottoman cuisine is a buried treasure, the heritage [&hellip;]","og_url":"https:\/\/www.asitanerestaurant.com\/English\/a-la-carte-menu\/","og_site_name":"Asitane Restaurant","article_modified_time":"2019-10-15T08:36:21+00:00","og_image":[{"width":1920,"height":1200,"url":"https:\/\/www.asitanerestaurant.com\/English\/wp-content\/uploads\/2015\/09\/Untitled-2.png","type":"image\/png"}],"twitter_card":"summary","twitter_misc":{"Est. reading time":"4 minutes"},"schema":{"@context":"https:\/\/schema.org","@graph":[{"@type":"Organization","@id":"https:\/\/www.asitanerestaurant.com\/English\/#organization","name":"Asitane Restaurant Ottoman Palace Cuisine","url":"https:\/\/www.asitanerestaurant.com\/English\/","sameAs":[],"logo":{"@type":"ImageObject","@id":"https:\/\/www.asitanerestaurant.com\/English\/#logo","inLanguage":"en-US","url":"https:\/\/www.asitanerestaurant.com\/English\/wp-content\/uploads\/2015\/07\/asitane-restaurant-logo-fine-ottoman-cuisine.png","contentUrl":"https:\/\/www.asitanerestaurant.com\/English\/wp-content\/uploads\/2015\/07\/asitane-restaurant-logo-fine-ottoman-cuisine.png","width":426,"height":123,"caption":"Asitane Restaurant Ottoman Palace Cuisine"},"image":{"@id":"https:\/\/www.asitanerestaurant.com\/English\/#logo"}},{"@type":"WebSite","@id":"https:\/\/www.asitanerestaurant.com\/English\/#website","url":"https:\/\/www.asitanerestaurant.com\/English\/","name":"Asitane Restaurant","description":"Ottoman Palace Cuisine","publisher":{"@id":"https:\/\/www.asitanerestaurant.com\/English\/#organization"},"potentialAction":[{"@type":"SearchAction","target":{"@type":"EntryPoint","urlTemplate":"https:\/\/www.asitanerestaurant.com\/English\/?s={search_term_string}"},"query-input":"required name=search_term_string"}],"inLanguage":"en-US"},{"@type":"ImageObject","@id":"https:\/\/www.asitanerestaurant.com\/English\/a-la-carte-menu\/#primaryimage","inLanguage":"en-US","url":"https:\/\/www.asitanerestaurant.com\/English\/wp-content\/uploads\/2015\/09\/Untitled-2.png","contentUrl":"https:\/\/www.asitanerestaurant.com\/English\/wp-content\/uploads\/2015\/09\/Untitled-2.png","width":1920,"height":1200},{"@type":"WebPage","@id":"https:\/\/www.asitanerestaurant.com\/English\/a-la-carte-menu\/#webpage","url":"https:\/\/www.asitanerestaurant.com\/English\/a-la-carte-menu\/","name":"Ottoman Cuisine - Asitane Restaurant","isPartOf":{"@id":"https:\/\/www.asitanerestaurant.com\/English\/#website"},"primaryImageOfPage":{"@id":"https:\/\/www.asitanerestaurant.com\/English\/a-la-carte-menu\/#primaryimage"},"datePublished":"2015-09-13T11:39:00+00:00","dateModified":"2019-10-15T08:36:21+00:00","breadcrumb":{"@id":"https:\/\/www.asitanerestaurant.com\/English\/a-la-carte-menu\/#breadcrumb"},"inLanguage":"en-US","potentialAction":[{"@type":"ReadAction","target":["https:\/\/www.asitanerestaurant.com\/English\/a-la-carte-menu\/"]}]},{"@type":"BreadcrumbList","@id":"https:\/\/www.asitanerestaurant.com\/English\/a-la-carte-menu\/#breadcrumb","itemListElement":[{"@type":"ListItem","position":1,"name":"Home","item":"https:\/\/www.asitanerestaurant.com\/English\/"},{"@type":"ListItem","position":2,"name":"Ottoman Cuisine"}]}]}},"jetpack_shortlink":"https:\/\/wp.me\/P7nJGf-Y6","jetpack-related-posts":[{"id":2981,"url":"https:\/\/www.asitanerestaurant.com\/English\/ottoman-palace-cuisine-reservation-fine-dining-in-istanbul\/","url_meta":{"origin":3726,"position":0},"title":"Reservation","date":"July 29, 2014","format":false,"excerpt":"\u00a0 \u00a0 Asitane Restaurant Istanbul, situated right next to the Chora Museum \u2013 the city\u2019s major historic stop, invites you to taste the unique flavor of the Ottoman Palace Cuisine with its exclusive recipes.\u00a0 For more than 25 years, Asitane serves imperial Ottoman cuisine, incorporating Central Asian, Anatolian, Middle Eastern\u2026","rel":"","context":"Similar post","img":{"alt_text":"ottoman minatur asitane restaurant","src":"https:\/\/i0.wp.com\/www.asitanerestaurant.com\/English\/wp-content\/uploads\/2015\/07\/ottoman-minatur-asitane-restaurant-2.jpg?resize=350%2C200&ssl=1","width":350,"height":200},"classes":[]},{"id":3924,"url":"https:\/\/www.asitanerestaurant.com\/English\/reservation-istanbul\/","url_meta":{"origin":3726,"position":1},"title":"Reservation","date":"October 2, 2017","format":false,"excerpt":"\u00a0 \u00a0 \u00a0 Asitane Restaurant Istanbul, situated right next to the Chora Museum \u2013 the city\u2019s major historic stop, invites you to taste the unique flavor of the Ottoman Palace Cuisine with its exclusive recipes.\u00a0 For more than 25 years, Asitane serves imperial Ottoman cuisine, incorporating Central Asian, Anatolian, Middle\u2026","rel":"","context":"Similar post","img":{"alt_text":"","src":"https:\/\/i0.wp.com\/www.asitanerestaurant.com\/English\/wp-content\/uploads\/2015\/09\/Untitled-2.png?resize=350%2C200&ssl=1","width":350,"height":200},"classes":[]},{"id":3756,"url":"https:\/\/www.asitanerestaurant.com\/English\/ottoman-cuisine-menu-list\/","url_meta":{"origin":3726,"position":2},"title":"Autumn 2019 Menu List","date":"April 19, 2016","format":false,"excerpt":"","rel":"","context":"Similar post","img":{"alt_text":"","src":"https:\/\/i0.wp.com\/www.asitanerestaurant.com\/English\/wp-content\/uploads\/2015\/09\/Untitled-2.png?resize=350%2C200&ssl=1","width":350,"height":200},"classes":[]},{"id":3792,"url":"https:\/\/www.asitanerestaurant.com\/English\/asitane-banners\/","url_meta":{"origin":3726,"position":3},"title":"Asitane Banners","date":"November 3, 2016","format":false,"excerpt":"Selected Master \u00a0 100 msec\u00a0per frame 250\u00a0msec\u00a0per frame \u00a0 \u00a0 100 mcsec per frame 250\u00a0mcsec per frame","rel":"","context":"Similar post","img":{"alt_text":"","src":"","width":0,"height":0},"classes":[]},{"id":3223,"url":"https:\/\/www.asitanerestaurant.com\/English\/","url_meta":{"origin":3726,"position":4},"title":"Ottoman Palace Cuisine","date":"July 24, 2015","format":false,"excerpt":"","rel":"","context":"Similar post","img":{"alt_text":"","src":"","width":0,"height":0},"classes":[]},{"id":3693,"url":"https:\/\/www.asitanerestaurant.com\/English\/about-us\/","url_meta":{"origin":3726,"position":5},"title":"About Us","date":"August 22, 2015","format":false,"excerpt":"Asitane Restaurant Ottoman Palace Cuisine Since 1991 it has been bringing the forgotten tastes to the present with its summer and winter menus offered by adding more than 200 historical receipts to its archive and using numerous original sources such as dinner and dessert expenditure records of Topkap\u0131, Dolmabah\u00e7e and\u2026","rel":"","context":"Similar post","img":{"alt_text":"","src":"https:\/\/i0.wp.com\/www.asitanerestaurant.com\/English\/wp-content\/uploads\/2018\/06\/ottoman-palace-cuisine-asitane-istanbul-header.png?resize=350%2C200&ssl=1","width":350,"height":200},"classes":[]}],"jetpack_sharing_enabled":true,"_links":{"self":[{"href":"https:\/\/www.asitanerestaurant.com\/English\/wp-json\/wp\/v2\/pages\/3726"}],"collection":[{"href":"https:\/\/www.asitanerestaurant.com\/English\/wp-json\/wp\/v2\/pages"}],"about":[{"href":"https:\/\/www.asitanerestaurant.com\/English\/wp-json\/wp\/v2\/types\/page"}],"author":[{"embeddable":true,"href":"https:\/\/www.asitanerestaurant.com\/English\/wp-json\/wp\/v2\/users\/1"}],"replies":[{"embeddable":true,"href":"https:\/\/www.asitanerestaurant.com\/English\/wp-json\/wp\/v2\/comments?post=3726"}],"version-history":[{"count":72,"href":"https:\/\/www.asitanerestaurant.com\/English\/wp-json\/wp\/v2\/pages\/3726\/revisions"}],"predecessor-version":[{"id":7249,"href":"https:\/\/www.asitanerestaurant.com\/English\/wp-json\/wp\/v2\/pages\/3726\/revisions\/7249"}],"wp:featuredmedia":[{"embeddable":true,"href":"https:\/\/www.asitanerestaurant.com\/English\/wp-json\/wp\/v2\/media\/3846"}],"wp:attachment":[{"href":"https:\/\/www.asitanerestaurant.com\/English\/wp-json\/wp\/v2\/media?parent=3726"}],"curies":[{"name":"wp","href":"https:\/\/api.w.org\/{rel}","templated":true}]}}