{"id":4489,"date":"2018-02-05T15:48:39","date_gmt":"2018-02-05T13:48:39","guid":{"rendered":"https:\/\/www.asitanerestaurant.com\/English\/?page_id=4489"},"modified":"2019-01-11T12:16:13","modified_gmt":"2019-01-11T10:16:13","slug":"valentines-day-dinner-menu-istanbul","status":"publish","type":"page","link":"https:\/\/www.asitanerestaurant.com\/English\/valentines-day-dinner-menu-istanbul\/","title":{"rendered":"Valentine&#8217;s Day Dinner Menu in Istanbul"},"content":{"rendered":"<h1 style=\"text-align: center;\"><strong>The Lovers and The Beloveds Menu<\/strong><\/h1>\n<h3 style=\"text-align: center;\"><strong><a href=\"https:\/\/www.asitanerestaurant.com\/English\/wp-content\/uploads\/2018\/02\/mahbubeler.jpg\"><img loading=\"lazy\" class=\"alignnone size-full wp-image-4496\" src=\"https:\/\/www.asitanerestaurant.com\/English\/wp-content\/uploads\/2018\/02\/mahbubeler.jpg\" alt=\"\" width=\"179\" height=\"237\" \/><\/a><\/strong><\/h3>\n<h3 style=\"text-align: center;\">Soup<\/h3>\n<p style=\"text-align: center;\">Scorpion Fish Soup (1539)<\/p>\n<h3 style=\"text-align: center;\">Cold Appetizers<\/h3>\n<p style=\"text-align: center;\"><strong><a href=\"https:\/\/www.asitanerestaurant.com\/English\/wp-content\/uploads\/2018\/02\/ShrimpPilaki.jpg\"><img loading=\"lazy\" class=\"size-medium wp-image-4530 aligncenter\" src=\"https:\/\/www.asitanerestaurant.com\/English\/wp-content\/uploads\/2018\/02\/ShrimpPilaki-300x300.jpg\" alt=\"\" width=\"300\" height=\"300\" srcset=\"https:\/\/www.asitanerestaurant.com\/English\/wp-content\/uploads\/2018\/02\/ShrimpPilaki-300x300.jpg 300w, https:\/\/www.asitanerestaurant.com\/English\/wp-content\/uploads\/2018\/02\/ShrimpPilaki-150x150.jpg 150w, https:\/\/www.asitanerestaurant.com\/English\/wp-content\/uploads\/2018\/02\/ShrimpPilaki-109x109.jpg 109w, https:\/\/www.asitanerestaurant.com\/English\/wp-content\/uploads\/2018\/02\/ShrimpPilaki-100x100.jpg 100w, https:\/\/www.asitanerestaurant.com\/English\/wp-content\/uploads\/2018\/02\/ShrimpPilaki.jpg 400w\" sizes=\"(max-width: 300px) 100vw, 300px\" \/><\/a><br \/>\nShrimp Pilaki (XV. century)<\/strong><br \/>\nShrimps cooked with garlic, carrots, scallions in a light olive oil and vinegar sauce<br \/>\n<strong>Gerdaniyye<\/strong><br \/>\nLamb chuck slowly braised with aromatic vegetables and herbs, blended with lamb brains, served with sour black plum extract<br \/>\n<strong>Ottoman Hums (1469)<\/strong><br \/>\nCrushed chickpeas lightly pureed with currants, pine nuts and cinnamon<\/p>\n<p style=\"text-align: center;\"><strong>*Wine by the glass \/Sultaniye-Emir<\/strong><\/p>\n<p style=\"text-align: center;\"><strong>Warm Appetizer<\/strong><br \/>\nOysters with Melted Local Cheese Topping (1844)<\/p>\n<h3 style=\"text-align: center;\">Main Course Selections<\/h3>\n<p style=\"text-align: center;\"><strong>Stuffed Quince (1539)<\/strong><br \/>\nBaked quince stuffed with a blend of minced lamb and beef, rice, aromatic herbs, pine nuts, currants and flavoured with grape molasses<\/p>\n<p style=\"text-align: center;\"><strong>*Wine by the glass \u2013 Kalecik Karas\u0131<\/strong><\/p>\n<p style=\"text-align: center;\">or<\/p>\n<p style=\"text-align: center;\"><strong>Goose Kebab (1539)<\/strong><br \/>\nSlowly roasted \u201c\u00c7ank\u0131r\u0131\u201d goose served on a bed of almond pilaf in crunchy Turkish \u201cYufka\u201d<\/p>\n<p style=\"text-align: center;\"><strong>*Wine by the glass &#8211; \u00d6k\u00fczg\u00f6z\u00fc<\/strong><\/p>\n<h3 style=\"text-align: center;\">Desserts<\/h3>\n<p style=\"text-align: center;\"><strong>Levzine (1539)<\/strong><br \/>\nAlmond halva<br \/>\n<strong>\u201cSembuse\u201d (1650)<\/strong><br \/>\nWalnut and almond dessert with musk<\/p>\n<p style=\"text-align: center;\"><strong>*Wine by the glass &#8211; Safir<\/strong><\/p>\n<p style=\"text-align: center;\"><a href=\"https:\/\/www.asitanerestaurant.com\/English\/wp-content\/uploads\/2018\/02\/sevgililer-gunu-kanun.jpg\"><img loading=\"lazy\" class=\"alignnone size-medium wp-image-4493 aligncenter\" src=\"https:\/\/www.asitanerestaurant.com\/English\/wp-content\/uploads\/2018\/02\/sevgililer-gunu-kanun-300x200.jpg\" alt=\"\" width=\"300\" height=\"200\" srcset=\"https:\/\/www.asitanerestaurant.com\/English\/wp-content\/uploads\/2018\/02\/sevgililer-gunu-kanun-300x200.jpg 300w, https:\/\/www.asitanerestaurant.com\/English\/wp-content\/uploads\/2018\/02\/sevgililer-gunu-kanun.jpg 600w\" sizes=\"(max-width: 300px) 100vw, 300px\" \/><br \/>\n<\/a> <a href=\"https:\/\/www.asitanerestaurant.com\/English\/wp-content\/uploads\/2018\/02\/sevgililer-gunu-canli-muzik.jpg\"><img loading=\"lazy\" class=\"alignnone size-medium wp-image-4494 aligncenter\" src=\"https:\/\/www.asitanerestaurant.com\/English\/wp-content\/uploads\/2018\/02\/sevgililer-gunu-canli-muzik-300x200.jpg\" alt=\"\" width=\"300\" height=\"200\" srcset=\"https:\/\/www.asitanerestaurant.com\/English\/wp-content\/uploads\/2018\/02\/sevgililer-gunu-canli-muzik-300x200.jpg 300w, https:\/\/www.asitanerestaurant.com\/English\/wp-content\/uploads\/2018\/02\/sevgililer-gunu-canli-muzik.jpg 600w\" sizes=\"(max-width: 300px) 100vw, 300px\" \/><\/a><\/p>\n<p style=\"text-align: center;\"><em>On this special evening, love songs of the Ottoman Period will be played live with the \u201cUd\u201d, the Turkish stringed instrument.<\/em><br \/>\n<em>The price, including the wines, is 420 TL for the couple.<\/em><\/p>\n","protected":false},"excerpt":{"rendered":"<p>The Lovers and The Beloveds Menu Soup Scorpion Fish Soup (1539) Cold Appetizers Shrimp Pilaki [&hellip;]<\/p>\n","protected":false},"author":1,"featured_media":4490,"parent":0,"menu_order":0,"comment_status":"closed","ping_status":"closed","template":"","meta":{"_mi_skip_tracking":false,"_exactmetrics_sitenote_active":false,"_exactmetrics_sitenote_note":"","_exactmetrics_sitenote_category":0,"spay_email":""},"yoast_head":"<!-- This site is optimized with the Yoast SEO plugin v18.1 - https:\/\/yoast.com\/wordpress\/plugins\/seo\/ -->\n<meta name=\"robots\" content=\"index, follow, max-snippet:-1, max-image-preview:large, max-video-preview:-1\" \/>\n<link rel=\"canonical\" href=\"https:\/\/www.asitanerestaurant.com\/English\/valentines-day-dinner-menu-istanbul\/\" \/>\n<meta property=\"og:locale\" content=\"en_US\" \/>\n<meta property=\"og:type\" content=\"article\" \/>\n<meta property=\"og:title\" content=\"Valentine&#039;s Day Dinner Menu in Istanbul - Asitane Restaurant\" \/>\n<meta property=\"og:description\" content=\"The Lovers and The Beloveds Menu Soup Scorpion Fish Soup (1539) Cold Appetizers Shrimp Pilaki [&hellip;]\" \/>\n<meta property=\"og:url\" content=\"https:\/\/www.asitanerestaurant.com\/English\/valentines-day-dinner-menu-istanbul\/\" \/>\n<meta property=\"og:site_name\" content=\"Asitane Restaurant\" \/>\n<meta property=\"article:modified_time\" content=\"2019-01-11T10:16:13+00:00\" \/>\n<meta property=\"og:image\" content=\"https:\/\/www.asitanerestaurant.com\/English\/wp-content\/uploads\/2018\/02\/sevgililer-gunu-menusu-asitane-14subat.jpg\" \/>\n\t<meta property=\"og:image:width\" content=\"1280\" \/>\n\t<meta property=\"og:image:height\" content=\"519\" \/>\n\t<meta property=\"og:image:type\" content=\"image\/jpeg\" \/>\n<meta name=\"twitter:card\" content=\"summary\" \/>\n<meta name=\"twitter:label1\" content=\"Est. reading time\" \/>\n\t<meta name=\"twitter:data1\" content=\"1 minute\" \/>\n<script type=\"application\/ld+json\" class=\"yoast-schema-graph\">{\"@context\":\"https:\/\/schema.org\",\"@graph\":[{\"@type\":\"Organization\",\"@id\":\"https:\/\/www.asitanerestaurant.com\/English\/#organization\",\"name\":\"Asitane Restaurant Ottoman Palace Cuisine\",\"url\":\"https:\/\/www.asitanerestaurant.com\/English\/\",\"sameAs\":[],\"logo\":{\"@type\":\"ImageObject\",\"@id\":\"https:\/\/www.asitanerestaurant.com\/English\/#logo\",\"inLanguage\":\"en-US\",\"url\":\"https:\/\/www.asitanerestaurant.com\/English\/wp-content\/uploads\/2015\/07\/asitane-restaurant-logo-fine-ottoman-cuisine.png\",\"contentUrl\":\"https:\/\/www.asitanerestaurant.com\/English\/wp-content\/uploads\/2015\/07\/asitane-restaurant-logo-fine-ottoman-cuisine.png\",\"width\":426,\"height\":123,\"caption\":\"Asitane Restaurant Ottoman Palace Cuisine\"},\"image\":{\"@id\":\"https:\/\/www.asitanerestaurant.com\/English\/#logo\"}},{\"@type\":\"WebSite\",\"@id\":\"https:\/\/www.asitanerestaurant.com\/English\/#website\",\"url\":\"https:\/\/www.asitanerestaurant.com\/English\/\",\"name\":\"Asitane Restaurant\",\"description\":\"Ottoman Palace Cuisine\",\"publisher\":{\"@id\":\"https:\/\/www.asitanerestaurant.com\/English\/#organization\"},\"potentialAction\":[{\"@type\":\"SearchAction\",\"target\":{\"@type\":\"EntryPoint\",\"urlTemplate\":\"https:\/\/www.asitanerestaurant.com\/English\/?s={search_term_string}\"},\"query-input\":\"required name=search_term_string\"}],\"inLanguage\":\"en-US\"},{\"@type\":\"ImageObject\",\"@id\":\"https:\/\/www.asitanerestaurant.com\/English\/valentines-day-dinner-menu-istanbul\/#primaryimage\",\"inLanguage\":\"en-US\",\"url\":\"https:\/\/www.asitanerestaurant.com\/English\/wp-content\/uploads\/2018\/02\/sevgililer-gunu-menusu-asitane-14subat.jpg\",\"contentUrl\":\"https:\/\/www.asitanerestaurant.com\/English\/wp-content\/uploads\/2018\/02\/sevgililer-gunu-menusu-asitane-14subat.jpg\",\"width\":1280,\"height\":519,\"caption\":\"St Valentine's Day\"},{\"@type\":\"WebPage\",\"@id\":\"https:\/\/www.asitanerestaurant.com\/English\/valentines-day-dinner-menu-istanbul\/#webpage\",\"url\":\"https:\/\/www.asitanerestaurant.com\/English\/valentines-day-dinner-menu-istanbul\/\",\"name\":\"Valentine's Day Dinner Menu in Istanbul - Asitane Restaurant\",\"isPartOf\":{\"@id\":\"https:\/\/www.asitanerestaurant.com\/English\/#website\"},\"primaryImageOfPage\":{\"@id\":\"https:\/\/www.asitanerestaurant.com\/English\/valentines-day-dinner-menu-istanbul\/#primaryimage\"},\"datePublished\":\"2018-02-05T13:48:39+00:00\",\"dateModified\":\"2019-01-11T10:16:13+00:00\",\"breadcrumb\":{\"@id\":\"https:\/\/www.asitanerestaurant.com\/English\/valentines-day-dinner-menu-istanbul\/#breadcrumb\"},\"inLanguage\":\"en-US\",\"potentialAction\":[{\"@type\":\"ReadAction\",\"target\":[\"https:\/\/www.asitanerestaurant.com\/English\/valentines-day-dinner-menu-istanbul\/\"]}]},{\"@type\":\"BreadcrumbList\",\"@id\":\"https:\/\/www.asitanerestaurant.com\/English\/valentines-day-dinner-menu-istanbul\/#breadcrumb\",\"itemListElement\":[{\"@type\":\"ListItem\",\"position\":1,\"name\":\"Home\",\"item\":\"https:\/\/www.asitanerestaurant.com\/English\/\"},{\"@type\":\"ListItem\",\"position\":2,\"name\":\"Valentine&#8217;s Day Dinner Menu in Istanbul\"}]}]}<\/script>\n<!-- \/ Yoast SEO plugin. -->","yoast_head_json":{"robots":{"index":"index","follow":"follow","max-snippet":"max-snippet:-1","max-image-preview":"max-image-preview:large","max-video-preview":"max-video-preview:-1"},"canonical":"https:\/\/www.asitanerestaurant.com\/English\/valentines-day-dinner-menu-istanbul\/","og_locale":"en_US","og_type":"article","og_title":"Valentine's Day Dinner Menu in Istanbul - Asitane Restaurant","og_description":"The Lovers and The Beloveds Menu Soup Scorpion Fish Soup (1539) Cold Appetizers Shrimp Pilaki [&hellip;]","og_url":"https:\/\/www.asitanerestaurant.com\/English\/valentines-day-dinner-menu-istanbul\/","og_site_name":"Asitane Restaurant","article_modified_time":"2019-01-11T10:16:13+00:00","og_image":[{"width":1280,"height":519,"url":"https:\/\/www.asitanerestaurant.com\/English\/wp-content\/uploads\/2018\/02\/sevgililer-gunu-menusu-asitane-14subat.jpg","type":"image\/jpeg"}],"twitter_card":"summary","twitter_misc":{"Est. reading time":"1 minute"},"schema":{"@context":"https:\/\/schema.org","@graph":[{"@type":"Organization","@id":"https:\/\/www.asitanerestaurant.com\/English\/#organization","name":"Asitane Restaurant Ottoman Palace Cuisine","url":"https:\/\/www.asitanerestaurant.com\/English\/","sameAs":[],"logo":{"@type":"ImageObject","@id":"https:\/\/www.asitanerestaurant.com\/English\/#logo","inLanguage":"en-US","url":"https:\/\/www.asitanerestaurant.com\/English\/wp-content\/uploads\/2015\/07\/asitane-restaurant-logo-fine-ottoman-cuisine.png","contentUrl":"https:\/\/www.asitanerestaurant.com\/English\/wp-content\/uploads\/2015\/07\/asitane-restaurant-logo-fine-ottoman-cuisine.png","width":426,"height":123,"caption":"Asitane Restaurant Ottoman Palace Cuisine"},"image":{"@id":"https:\/\/www.asitanerestaurant.com\/English\/#logo"}},{"@type":"WebSite","@id":"https:\/\/www.asitanerestaurant.com\/English\/#website","url":"https:\/\/www.asitanerestaurant.com\/English\/","name":"Asitane Restaurant","description":"Ottoman Palace Cuisine","publisher":{"@id":"https:\/\/www.asitanerestaurant.com\/English\/#organization"},"potentialAction":[{"@type":"SearchAction","target":{"@type":"EntryPoint","urlTemplate":"https:\/\/www.asitanerestaurant.com\/English\/?s={search_term_string}"},"query-input":"required name=search_term_string"}],"inLanguage":"en-US"},{"@type":"ImageObject","@id":"https:\/\/www.asitanerestaurant.com\/English\/valentines-day-dinner-menu-istanbul\/#primaryimage","inLanguage":"en-US","url":"https:\/\/www.asitanerestaurant.com\/English\/wp-content\/uploads\/2018\/02\/sevgililer-gunu-menusu-asitane-14subat.jpg","contentUrl":"https:\/\/www.asitanerestaurant.com\/English\/wp-content\/uploads\/2018\/02\/sevgililer-gunu-menusu-asitane-14subat.jpg","width":1280,"height":519,"caption":"St Valentine's Day"},{"@type":"WebPage","@id":"https:\/\/www.asitanerestaurant.com\/English\/valentines-day-dinner-menu-istanbul\/#webpage","url":"https:\/\/www.asitanerestaurant.com\/English\/valentines-day-dinner-menu-istanbul\/","name":"Valentine's Day Dinner Menu in Istanbul - Asitane Restaurant","isPartOf":{"@id":"https:\/\/www.asitanerestaurant.com\/English\/#website"},"primaryImageOfPage":{"@id":"https:\/\/www.asitanerestaurant.com\/English\/valentines-day-dinner-menu-istanbul\/#primaryimage"},"datePublished":"2018-02-05T13:48:39+00:00","dateModified":"2019-01-11T10:16:13+00:00","breadcrumb":{"@id":"https:\/\/www.asitanerestaurant.com\/English\/valentines-day-dinner-menu-istanbul\/#breadcrumb"},"inLanguage":"en-US","potentialAction":[{"@type":"ReadAction","target":["https:\/\/www.asitanerestaurant.com\/English\/valentines-day-dinner-menu-istanbul\/"]}]},{"@type":"BreadcrumbList","@id":"https:\/\/www.asitanerestaurant.com\/English\/valentines-day-dinner-menu-istanbul\/#breadcrumb","itemListElement":[{"@type":"ListItem","position":1,"name":"Home","item":"https:\/\/www.asitanerestaurant.com\/English\/"},{"@type":"ListItem","position":2,"name":"Valentine&#8217;s Day Dinner Menu in Istanbul"}]}]}},"jetpack_shortlink":"https:\/\/wp.me\/P7nJGf-1ap","jetpack-related-posts":[{"id":3745,"url":"https:\/\/www.asitanerestaurant.com\/English\/valentines-day\/","url_meta":{"origin":4489,"position":0},"title":"Valentine&#8217;s Day","date":"February 9, 2016","format":false,"excerpt":"February 14th, Valentine's Day Menu SOUP Scorpion Fish Soup (1865) COLD STARTERS Prawn \u201cPilaki\u201d (15th. Century) Prawns cooked with garlic, carrots, scallions in olive oil Gerdaniyye Lamb Chuck slowly braised with aromatic vegetables and herbs served with sour black plum extract Ottoman Hums (1469) Crushed chickpeaslightly pureed with currants, pine\u2026","rel":"","context":"Similar post","img":{"alt_text":"Valentine's Day Menu Asitane Istanbul","src":"https:\/\/i0.wp.com\/www.asitanerestaurant.com\/English\/wp-content\/uploads\/2016\/02\/Valentines-Day-Menu-Asitane-Istanbul.png?resize=350%2C200","width":350,"height":200},"classes":[]},{"id":3771,"url":"https:\/\/www.asitanerestaurant.com\/English\/ramadan-menu-istanbul\/","url_meta":{"origin":4489,"position":1},"title":"Zadegan Iftar Menu","date":"June 12, 2016","format":false,"excerpt":"Zadegan Iftar Menu in Istanbul May 6th - June 3rd 2019 Zadegan Iftar - Ramadan Menu Flyer PDF Download Zadegan Iftar - Ramadan Menu A4 PDF Download IFTAR RESERVATION Iftar Breakfast Medina Dates, Stick Cheese, Basket Cheese, Caviar on Hard Boiled Eggs, Honeycomb, Asitane Jams, Walnut Churchkhela, Kalamata Olives, Sliced\u2026","rel":"","context":"Similar post","img":{"alt_text":"","src":"https:\/\/i0.wp.com\/www.asitanerestaurant.com\/English\/wp-content\/uploads\/2018\/06\/ottoman-palace-cuisine-asitane-istanbul-header.png?resize=350%2C200&ssl=1","width":350,"height":200},"classes":[]},{"id":3726,"url":"https:\/\/www.asitanerestaurant.com\/English\/a-la-carte-menu\/","url_meta":{"origin":4489,"position":2},"title":"Ottoman Cuisine","date":"September 13, 2015","format":false,"excerpt":"\u00a0 Ottoman HeritageDelicacies from the PalaceAutumn 2019 Ottoman cuisine is a buried treasure, the heritage of a great empire which lasted for 700 years... A synthesis of Central Asian, Anatolian, Middle Eastern and Balkan flavors. Unfortunately, very few recipes from this rich cuisine have survived due to a tradition which\u2026","rel":"","context":"Similar post","img":{"alt_text":"","src":"https:\/\/i0.wp.com\/www.asitanerestaurant.com\/English\/wp-content\/uploads\/2015\/09\/Untitled-2.png?resize=350%2C200&ssl=1","width":350,"height":200},"classes":[]},{"id":3758,"url":"https:\/\/www.asitanerestaurant.com\/English\/winter-list-2015-2016\/","url_meta":{"origin":4489,"position":3},"title":"Winter List 2015 \u2013 2016","date":"April 19, 2016","format":false,"excerpt":"Soups \u00a0 \u0003Almond Soup (1539) A light almond broth flavoured with grated nutmeg and pomegranate seeds \u00a0 \u201cTerine\u201d Soup with Chestnuts (1469) \u0003Winter soup with chestnuts, dried yogurt and mint \u00a0 \u0003Kavata Soup \u0003Green tomato soup\u0003 \u00a0 Cold Appetizers \u00a0 Asitane Treats Ottoman Hums (1469) Crushed chickpeas lightly pureed with\u2026","rel":"","context":"Similar post","img":{"alt_text":"","src":"https:\/\/i0.wp.com\/www.asitanerestaurant.com\/English\/wp-content\/uploads\/2015\/08\/asitane-restaurant-header.png?resize=350%2C200&ssl=1","width":350,"height":200},"classes":[]},{"id":3756,"url":"https:\/\/www.asitanerestaurant.com\/English\/ottoman-cuisine-menu-list\/","url_meta":{"origin":4489,"position":4},"title":"Autumn 2019 Menu List","date":"April 19, 2016","format":false,"excerpt":"","rel":"","context":"Similar post","img":{"alt_text":"","src":"https:\/\/i0.wp.com\/www.asitanerestaurant.com\/English\/wp-content\/uploads\/2015\/09\/Untitled-2.png?resize=350%2C200&ssl=1","width":350,"height":200},"classes":[]},{"id":3716,"url":"https:\/\/www.asitanerestaurant.com\/English\/summer-2015-menu-pdf\/","url_meta":{"origin":4489,"position":5},"title":"Summer 2015 Menu in PDF","date":"August 26, 2015","format":false,"excerpt":"","rel":"","context":"Similar post","img":{"alt_text":"","src":"https:\/\/i0.wp.com\/www.asitanerestaurant.com\/English\/wp-content\/uploads\/2015\/08\/asitane-restaurant-header.png?resize=350%2C200&ssl=1","width":350,"height":200},"classes":[]}],"jetpack_sharing_enabled":true,"_links":{"self":[{"href":"https:\/\/www.asitanerestaurant.com\/English\/wp-json\/wp\/v2\/pages\/4489"}],"collection":[{"href":"https:\/\/www.asitanerestaurant.com\/English\/wp-json\/wp\/v2\/pages"}],"about":[{"href":"https:\/\/www.asitanerestaurant.com\/English\/wp-json\/wp\/v2\/types\/page"}],"author":[{"embeddable":true,"href":"https:\/\/www.asitanerestaurant.com\/English\/wp-json\/wp\/v2\/users\/1"}],"replies":[{"embeddable":true,"href":"https:\/\/www.asitanerestaurant.com\/English\/wp-json\/wp\/v2\/comments?post=4489"}],"version-history":[{"count":10,"href":"https:\/\/www.asitanerestaurant.com\/English\/wp-json\/wp\/v2\/pages\/4489\/revisions"}],"predecessor-version":[{"id":6047,"href":"https:\/\/www.asitanerestaurant.com\/English\/wp-json\/wp\/v2\/pages\/4489\/revisions\/6047"}],"wp:featuredmedia":[{"embeddable":true,"href":"https:\/\/www.asitanerestaurant.com\/English\/wp-json\/wp\/v2\/media\/4490"}],"wp:attachment":[{"href":"https:\/\/www.asitanerestaurant.com\/English\/wp-json\/wp\/v2\/media?parent=4489"}],"curies":[{"name":"wp","href":"https:\/\/api.w.org\/{rel}","templated":true}]}}